{"id":32,"date":"2012-05-03T19:02:17","date_gmt":"2012-05-03T19:02:17","guid":{"rendered":"http:\/\/www.academietempsdanse.com\/?page_id=32"},"modified":"2022-08-20T13:21:38","modified_gmt":"2022-08-20T11:21:38","slug":"plan-dacces","status":"publish","type":"page","link":"http:\/\/www.academietempsdanse.com\/site\/plan-dacces\/","title":{"rendered":"Plan d&rsquo;acc\u00e8s"},"content":{"rendered":"<div style=\"float: left; width: 650px;\"><iframe loading=\"lazy\" src=\"http:\/\/maps.google.fr\/maps?f=q&amp;source=s_q&amp;hl=fr&amp;geocode=+&amp;q=29+rue+du+Contrat+Social+76000+Rouen&amp;ie=UTF8&amp;hq=&amp;hnear=29+Rue+du+Contrat+Social,+76000+Rouen,+Seine-Maritime,+Haute-Normandie&amp;ll=49.44461,1.081947&amp;spn=0.007464,0.019205&amp;t=m&amp;z=14&amp;output=embed\" width=\"650\" height=\"350\" frameborder=\"0\" marginwidth=\"0\" marginheight=\"0\" scrolling=\"no\"><\/iframe><br \/>\n<small><a style=\"color: #0000ff; text-align: left;\" href=\"http:\/\/maps.google.fr\/maps?f=q&amp;source=embed&amp;hl=fr&amp;geocode=+&amp;q=29+rue+du+Contrat+Social+76000+Rouen&amp;ie=UTF8&amp;hq=&amp;hnear=29+Rue+du+Contrat+Social,+76000+Rouen,+Seine-Maritime,+Haute-Normandie&amp;ll=49.44461,1.081947&amp;spn=0.007464,0.019205&amp;t=m&amp;z=14\">Agrandir le plan<\/a><\/small><\/div>\n<div style=\"float: left; width: 400px; text-align: center;\"><strong>Acad\u00e9mie Temps Danse<\/strong><\/div>\n<div style=\"float: left; width: 400px; text-align: center;\"><strong>29 rue du Contrat Social <\/strong><\/div>\n<div style=\"float: left; width: 400px; text-align: center;\"><strong>76000 Rouen<\/strong><\/div>\n<div style=\"float: left; width: 400px; text-align: center;\"><strong>06.60.83.97.97<\/strong><\/div>\n<div><\/div>\n<div><\/div>\n<div><\/div>\n<div><\/div>\n<div><\/div>\n<div><\/div>\n<div><\/div>\n<p>&nbsp;<\/p>\n<p style=\"float: left; width: 400px; text-align: center;\">Arr\u00eat Pasteur &#8211; Panorama &#8211; T1 T2 T3 (600 m)<\/p>\n<p style=\"float: left; width: 400px; text-align: center;\">Arr\u00eat Belges ou Vieux March\u00e9 &#8211; T4 (450 m)<\/p>\n<p style=\"float: left; width: 400px; text-align: center;\">Arr\u00eat Boulevard des belges &#8211; T1 T2 T3 (600 m)<\/p>\n<p>&nbsp;<\/p>\n<div class=\"clear\"><\/div>\n","protected":false},"excerpt":{"rendered":"<p>Agrandir le plan Acad\u00e9mie Temps Danse 29 rue du Contrat Social 76000 Rouen 06.60.83.97.97 &nbsp; Arr\u00eat Pasteur &#8211; Panorama &#8211; T1 T2 T3 (600 m) Arr\u00eat Belges ou Vieux March\u00e9 &#8211; T4 (450 m) Arr\u00eat Boulevard des belges &#8211; T1 T2 T3 (600 m) &nbsp;<\/p>\n","protected":false},"author":1,"featured_media":2457,"parent":0,"menu_order":0,"comment_status":"open","ping_status":"open","template":"","meta":{"footnotes":""},"class_list":["post-32","page","type-page","status-publish","has-post-thumbnail","hentry"],"_links":{"self":[{"href":"http:\/\/www.academietempsdanse.com\/site\/wp-json\/wp\/v2\/pages\/32"}],"collection":[{"href":"http:\/\/www.academietempsdanse.com\/site\/wp-json\/wp\/v2\/pages"}],"about":[{"href":"http:\/\/www.academietempsdanse.com\/site\/wp-json\/wp\/v2\/types\/page"}],"author":[{"embeddable":true,"href":"http:\/\/www.academietempsdanse.com\/site\/wp-json\/wp\/v2\/users\/1"}],"replies":[{"embeddable":true,"href":"http:\/\/www.academietempsdanse.com\/site\/wp-json\/wp\/v2\/comments?post=32"}],"version-history":[{"count":14,"href":"http:\/\/www.academietempsdanse.com\/site\/wp-json\/wp\/v2\/pages\/32\/revisions"}],"predecessor-version":[{"id":2858,"href":"http:\/\/www.academietempsdanse.com\/site\/wp-json\/wp\/v2\/pages\/32\/revisions\/2858"}],"wp:featuredmedia":[{"embeddable":true,"href":"http:\/\/www.academietempsdanse.com\/site\/wp-json\/wp\/v2\/media\/2457"}],"wp:attachment":[{"href":"http:\/\/www.academietempsdanse.com\/site\/wp-json\/wp\/v2\/media?parent=32"}],"curies":[{"name":"wp","href":"https:\/\/api.w.org\/{rel}","templated":true}]}}