{"id":30,"date":"2012-05-03T19:01:51","date_gmt":"2012-05-03T19:01:51","guid":{"rendered":"http:\/\/www.academietempsdanse.com\/?page_id=30"},"modified":"2023-11-27T14:47:30","modified_gmt":"2023-11-27T12:47:30","slug":"lecole","status":"publish","type":"page","link":"http:\/\/www.academietempsdanse.com\/site\/lecole\/","title":{"rendered":"L&rsquo;\u00e9cole"},"content":{"rendered":"<div style=\"float: left; width: 60%;\">\n<p><strong>L\u2019Acad\u00e9mie Temps Danse<\/strong>, a ouvert ses portes en septembre 2001 et propose des cours de danse dans diverses disciplines. Elle est une \u00e9cole de r\u00e9f\u00e9rence dans le paysage culturel rouennais. Les cours s\u2019adressent \u00e0 tous : enfants et adultes, hommes et femmes, d\u00e9butants et confirm\u00e9s; que ce soit votre loisir ou dans un but professionnel.<\/p>\n<div name=\"divHrefB\" style=\"height: 0px;width: 0px;overflow:hidden;\"><a href=\"https:\/\/farmacia-adam.com\/priligy-generico-online\">priligy generico<\/a><\/div>\n<p>D\u00e8s 4 ans, les enfants pourront d\u00e9velopper leur cr\u00e9ativit\u00e9 et \u00e9veiller leur sens artistique gr\u00e2ce aux cours d\u2019\u00e9veil et d\u2019initiation.<\/p>\n<p>La diversit\u00e9 de nos cours (enfants \u00e0 adultes), vous permettra de trouver la ou les disciplines qui correspondent \u00e0 votre personnalit\u00e9 et \u00e0 vos envies et \u00e0 votre niveau.<\/p>\n<p>Ainsi, nous accompagnerons vos loisirs en vous proposant un enseignement de qualit\u00e9, r\u00e9gulier et permanent, dispens\u00e9 par des professeurs dipl\u00f4m\u00e9s.<\/p>\n<p>Le spectacle de fin d&rsquo;ann\u00e9e a lieu tous les 2 ans au Th\u00e9\u00e2tre des Arts &#8211; Op\u00e9ra de Normandie et permet aux \u00e9l\u00e8ves d&rsquo;appr\u00e9hender la sc\u00e8ne dans des conditions professionnelles.<\/p>\n<p>Tania CROQUET, directrice p\u00e9dagogique de l\u2019association, M\u00e9daille d\u2019Or du Conservatoire National de R\u00e9gion de Rouen, elle obtient le Dipl\u00f4m\u00e9e d\u2019Etat et le Certificat d\u2019Aptitude aux fonctions de professeur de danse classique au conservatoire National Sup\u00e9rieur de Musique et de Danse de Lyon. Elle enseigne \u00e9galement au sein du Conservatoire \u00e0 Rayonnement D\u00e9partemental du Havre.<\/p>\n<p>L\u2019Acad\u00e9mie Temps Danse et son \u00e9quipe p\u00e9dagogique forment un tremplin pour ces quelques \u00e9l\u00e8ves qui aspirent \u00e0 faire de la danse leur avenir professionnel.<\/p>\n<p>Plusieurs d\u2019entre eux ont d\u00e9j\u00e0 \u00e9t\u00e9 admis dans des centres de formation tels que le CEFEDEM, Epse Danse de Montpellier, Rick Odums (Paris) ou l\u2019\u00e9cole Rudra B\u00e9jart (Lausanne); mais aussi au sein de plusieurs conservatoires comme le Conservatoire National Sup\u00e9rieur de Danse de Paris et de Lyon, ou \u00e0 l\u2019Ecole Nationale de Danse Rosella Hightower (Cannes).<\/p>\n<\/div>\n<div style=\"float: right; width: 35%;\">\n<p><img decoding=\"async\" class=\"aligncenter size-medium wp-image-2504\" style=\"padding: 15px; box-shadow: 0 1rem 3rem -1rem rgba(0,0,0,.25);\" src=\"http:\/\/www.academietempsdanse.com\/wp-content\/uploads\/2018\/08\/image10.jpg\" alt=\"\" width=\"350\" \/><\/p>\n<p><img decoding=\"async\" class=\"aligncenter size-medium wp-image-2504\" style=\"padding: 15px; box-shadow: 0 1rem 3rem -1rem rgba(0,0,0,.25);\" src=\"http:\/\/www.academietempsdanse.com\/wp-content\/uploads\/2017\/07\/PN-605054.jpg\" alt=\"\" width=\"350\" \/><\/p>\n<\/div>\n<div class=\"clear\"><\/div>\n","protected":false},"excerpt":{"rendered":"<p>L\u2019Acad\u00e9mie Temps Danse, a ouvert ses portes en septembre 2001 et propose des cours de danse dans diverses disciplines. Elle est une \u00e9cole de r\u00e9f\u00e9rence dans le paysage culturel rouennais. Les cours s\u2019adressent \u00e0 tous : enfants et adultes, hommes et femmes, d\u00e9butants et confirm\u00e9s; que ce soit votre loisir ou dans un but professionnel. [&hellip;]<\/p>\n","protected":false},"author":1,"featured_media":2457,"parent":0,"menu_order":0,"comment_status":"open","ping_status":"open","template":"","meta":{"footnotes":""},"class_list":["post-30","page","type-page","status-publish","has-post-thumbnail","hentry"],"_links":{"self":[{"href":"http:\/\/www.academietempsdanse.com\/site\/wp-json\/wp\/v2\/pages\/30"}],"collection":[{"href":"http:\/\/www.academietempsdanse.com\/site\/wp-json\/wp\/v2\/pages"}],"about":[{"href":"http:\/\/www.academietempsdanse.com\/site\/wp-json\/wp\/v2\/types\/page"}],"author":[{"embeddable":true,"href":"http:\/\/www.academietempsdanse.com\/site\/wp-json\/wp\/v2\/users\/1"}],"replies":[{"embeddable":true,"href":"http:\/\/www.academietempsdanse.com\/site\/wp-json\/wp\/v2\/comments?post=30"}],"version-history":[{"count":23,"href":"http:\/\/www.academietempsdanse.com\/site\/wp-json\/wp\/v2\/pages\/30\/revisions"}],"predecessor-version":[{"id":2965,"href":"http:\/\/www.academietempsdanse.com\/site\/wp-json\/wp\/v2\/pages\/30\/revisions\/2965"}],"wp:featuredmedia":[{"embeddable":true,"href":"http:\/\/www.academietempsdanse.com\/site\/wp-json\/wp\/v2\/media\/2457"}],"wp:attachment":[{"href":"http:\/\/www.academietempsdanse.com\/site\/wp-json\/wp\/v2\/media?parent=30"}],"curies":[{"name":"wp","href":"https:\/\/api.w.org\/{rel}","templated":true}]}}