{"id":2341,"date":"2018-08-09T12:33:40","date_gmt":"2018-08-09T10:33:40","guid":{"rendered":"http:\/\/www.academietempsdanse.com\/new\/?page_id=2341"},"modified":"2018-08-10T10:24:52","modified_gmt":"2018-08-10T10:24:52","slug":"mentions-legales","status":"publish","type":"page","link":"http:\/\/www.academietempsdanse.com\/site\/mentions-legales\/","title":{"rendered":"Mentions l\u00e9gales"},"content":{"rendered":"<h4>Cr\u00e9dits<\/h4>\n<p>Le site internet Acad\u00e9mie Temps Danse est\u00a0 h\u00e9berg\u00e9 par la soci\u00e9t\u00e9 1&amp;1 :<\/p>\n<p>1&amp;1 Internet SARL<br \/>\n7, place de la Gare<br \/>\nBP 70109<br \/>\n57201 Sarreguemines Cedex<\/p>\n<p><strong>Responsable de la publication :<\/strong> Tania Croquet<br \/>\n<strong>Conception et r\u00e9alisation :<\/strong> Guillaume Lebas<\/p>\n","protected":false},"excerpt":{"rendered":"<p>Cr\u00e9dits Le site internet Acad\u00e9mie Temps Danse est\u00a0 h\u00e9berg\u00e9 par la soci\u00e9t\u00e9 1&amp;1 : 1&amp;1 Internet SARL 7, place de la Gare BP 70109 57201 Sarreguemines Cedex Responsable de la publication : Tania Croquet Conception et r\u00e9alisation : Guillaume Lebas<\/p>\n","protected":false},"author":1,"featured_media":0,"parent":0,"menu_order":0,"comment_status":"closed","ping_status":"closed","template":"","meta":{"footnotes":""},"class_list":["post-2341","page","type-page","status-publish","hentry"],"_links":{"self":[{"href":"http:\/\/www.academietempsdanse.com\/site\/wp-json\/wp\/v2\/pages\/2341"}],"collection":[{"href":"http:\/\/www.academietempsdanse.com\/site\/wp-json\/wp\/v2\/pages"}],"about":[{"href":"http:\/\/www.academietempsdanse.com\/site\/wp-json\/wp\/v2\/types\/page"}],"author":[{"embeddable":true,"href":"http:\/\/www.academietempsdanse.com\/site\/wp-json\/wp\/v2\/users\/1"}],"replies":[{"embeddable":true,"href":"http:\/\/www.academietempsdanse.com\/site\/wp-json\/wp\/v2\/comments?post=2341"}],"version-history":[{"count":3,"href":"http:\/\/www.academietempsdanse.com\/site\/wp-json\/wp\/v2\/pages\/2341\/revisions"}],"predecessor-version":[{"id":2528,"href":"http:\/\/www.academietempsdanse.com\/site\/wp-json\/wp\/v2\/pages\/2341\/revisions\/2528"}],"wp:attachment":[{"href":"http:\/\/www.academietempsdanse.com\/site\/wp-json\/wp\/v2\/media?parent=2341"}],"curies":[{"name":"wp","href":"https:\/\/api.w.org\/{rel}","templated":true}]}}