{"id":195,"date":"2012-05-05T00:32:27","date_gmt":"2012-05-05T00:32:27","guid":{"rendered":"http:\/\/www.academietempsdanse.com\/?page_id=195"},"modified":"2023-10-17T12:50:36","modified_gmt":"2023-10-17T10:50:36","slug":"reglement-interieur","status":"publish","type":"page","link":"http:\/\/www.academietempsdanse.com\/site\/reglement-interieur\/","title":{"rendered":"Conditions g\u00e9n\u00e9rales"},"content":{"rendered":"<h4><strong>1. COURS :<\/strong><\/h4>\n<p>Les cours seront dispens\u00e9s dans les studios de l\u2019Acad\u00e9mie Temps Danse. Ces studios sont enti\u00e8rement \u00e9quip\u00e9s (parquet, tapis, miroirs, barres, sono, vestiaires et douches). Les \u00e9l\u00e8ves sont plac\u00e9s sous la responsabilit\u00e9 de l\u2019intervenant pendant les cours. Il est strictement interdit de fumer dans les locaux.<\/p>\n<h4><strong>2. ADH\u00c9SION :<\/strong><\/h4>\n<p>Une adh\u00e9sion annuelle fix\u00e9e par la direction est due au moment de l\u2019inscription. Le montant de cette adh\u00e9sion s\u2019\u00e9l\u00e8ve \u00e0 35 euros.<br \/>\nCelle-ci est obligatoire. Elle comprend l\u2019assurance de l\u2019adh\u00e9rent ainsi que\u00a0les frais de courrier, de t\u00e9l\u00e9phone\u2026<\/p>\n<h4><strong>3. ABONNEMENTS :<\/strong><\/h4>\n<p>L&rsquo;abonnement est fix\u00e9 selon l\u2019\u00e2ge de l\u2019adh\u00e9rent (tarif enfant \/ tarif ado-adulte) selon la formule choisie et la dur\u00e9e des cours. Des tarifs d\u00e9gressifs seront appliqu\u00e9s \u00e0 plusieurs membres d\u2019une m\u00eame famille (5 % \u00e0 partir du 2\u00e8me membre inscrit) sur les abonnements de l&rsquo;ensemble de la famille (sur pr\u00e9sentation d\u2019une pi\u00e8ce d\u2019identit\u00e9).<\/p>\n<p><em id=\"__mceDel\"> Les abonnements ne sont pas remboursables ni transmissibles,\u00a0ils sont valables pour la dur\u00e9e de la saison en cours (de septembre \u00e0 juin).<\/em><\/p>\n<h4><strong>4. INSCRIPTIONS :<\/strong><\/h4>\n<p><em id=\"__mceDel\">Les dates d\u2019inscription ainsi que les formalit\u00e9s administratives s\u2019y rapportant sont fix\u00e9es par la direction et communiqu\u00e9es par voie d\u2019affichage\u00a0<\/em>ou par courrier en cours d\u2019ann\u00e9e scolaire pour l\u2019ann\u00e9e suivante. Aucune inscription ne peut \u00eatre enregistr\u00e9e par t\u00e9l\u00e9phone, celles-ci faisant l\u2019objet d\u2019une demande \u00e9crite (formulaire d\u2019inscription).<\/p>\n<h4><strong>5. TENUES :<\/strong><\/h4>\n<p>Chaque intervenant d\u00e9cide de la tenue de ses \u00e9l\u00e8ves et leur en fait part lors des premiers cours.<\/p>\n<h4><strong>6. CERTIFICAT M\u00c9DICAL :<\/strong><\/h4>\n<p>Un certificat m\u00e9dical devra \u00eatre fourni dans le mois qui suit l\u2019inscription.<\/p>\n<p><em>Fait \u00e0 Rouen, le 30 septembre 2023.<\/em><\/p>\n","protected":false},"excerpt":{"rendered":"<p>1. COURS : Les cours seront dispens\u00e9s dans les studios de l\u2019Acad\u00e9mie Temps Danse. Ces studios sont enti\u00e8rement \u00e9quip\u00e9s (parquet, tapis, miroirs, barres, sono, vestiaires et douches). Les \u00e9l\u00e8ves sont plac\u00e9s sous la responsabilit\u00e9 de l\u2019intervenant pendant les cours. Il est strictement interdit de fumer dans les locaux. 2. ADH\u00c9SION : Une adh\u00e9sion annuelle fix\u00e9e [&hellip;]<\/p>\n","protected":false},"author":1,"featured_media":0,"parent":0,"menu_order":0,"comment_status":"open","ping_status":"open","template":"","meta":{"footnotes":""},"class_list":["post-195","page","type-page","status-publish","hentry"],"_links":{"self":[{"href":"http:\/\/www.academietempsdanse.com\/site\/wp-json\/wp\/v2\/pages\/195"}],"collection":[{"href":"http:\/\/www.academietempsdanse.com\/site\/wp-json\/wp\/v2\/pages"}],"about":[{"href":"http:\/\/www.academietempsdanse.com\/site\/wp-json\/wp\/v2\/types\/page"}],"author":[{"embeddable":true,"href":"http:\/\/www.academietempsdanse.com\/site\/wp-json\/wp\/v2\/users\/1"}],"replies":[{"embeddable":true,"href":"http:\/\/www.academietempsdanse.com\/site\/wp-json\/wp\/v2\/comments?post=195"}],"version-history":[{"count":7,"href":"http:\/\/www.academietempsdanse.com\/site\/wp-json\/wp\/v2\/pages\/195\/revisions"}],"predecessor-version":[{"id":2958,"href":"http:\/\/www.academietempsdanse.com\/site\/wp-json\/wp\/v2\/pages\/195\/revisions\/2958"}],"wp:attachment":[{"href":"http:\/\/www.academietempsdanse.com\/site\/wp-json\/wp\/v2\/media?parent=195"}],"curies":[{"name":"wp","href":"https:\/\/api.w.org\/{rel}","templated":true}]}}